{"id":454,"date":"2025-12-07T17:24:54","date_gmt":"2025-12-07T17:24:54","guid":{"rendered":"https:\/\/leti.obudaikutyasok.hu\/?page_id=454"},"modified":"2025-12-07T17:32:52","modified_gmt":"2025-12-07T17:32:52","slug":"nyari-iskola","status":"publish","type":"page","link":"https:\/\/leti.obudaikutyasok.hu\/index.php\/nyari-iskola\/","title":{"rendered":"Ny\u00e1ri iskol\u00e1s program"},"content":{"rendered":"\t\t<div data-elementor-type=\"wp-page\" data-elementor-id=\"454\" class=\"elementor elementor-454\">\n\t\t\t\t<div class=\"elementor-element elementor-element-1c8448b e-flex e-con-boxed e-con e-parent\" data-id=\"1c8448b\" data-element_type=\"container\">\n\t\t\t\t\t<div class=\"e-con-inner\">\n\t\t\t\t<div class=\"elementor-element elementor-element-e80c442 elementor-widget elementor-widget-heading\" data-id=\"e80c442\" data-element_type=\"widget\" data-widget_type=\"heading.default\">\n\t\t\t\t\t<h2 class=\"elementor-heading-title elementor-size-default\">Ny\u00e1ri iskol\u00e1s program (kuty\u00e1val asziszt\u00e1lt)<\/h2>\t\t\t\t<\/div>\n\t\t\t\t\t<\/div>\n\t\t\t\t<\/div>\n\t\t<div class=\"elementor-element elementor-element-8b4eeac e-flex e-con-boxed e-con e-parent\" data-id=\"8b4eeac\" data-element_type=\"container\">\n\t\t\t\t\t<div class=\"e-con-inner\">\n\t\t<div class=\"elementor-element elementor-element-327fbff e-con-full e-flex e-con e-child\" data-id=\"327fbff\" data-element_type=\"container\">\n\t\t\t\t<div class=\"elementor-element elementor-element-42a2e5d elementor-widget elementor-widget-text-editor\" data-id=\"42a2e5d\" data-element_type=\"widget\" data-widget_type=\"text-editor.default\">\n\t\t\t\t\t\t\t\t\t<p>Minden ny\u00e1ron k\u00e9t helysz\u00edn ad otthont az \u00f3budai iskol\u00e1s gyerekeknek, a napk\u00f6zis t\u00e1boroz\u00e1sra<br \/>\u00d3bud\u00e1n.<br \/>\u00d3budai Kuty\u00e1s Egyes\u00fclet\u00fcnk szervez\u00e9s\u00e9ben, mindk\u00e9t helysz\u00ednen, a <strong>Kiserdei T\u00e1borban<\/strong> \u00e9s a <strong>Nagy<\/strong><br \/><strong>L\u00e1szl\u00f3 K\u00e9ttannyelv\u0171 \u00c1ltal\u00e1nos Iskol\u00e1ban<\/strong> hetente 2-2 fogalakoz\u00e1st tartottunk, ter\u00e1pi\u00e1s kuty\u00e1k<br \/>seg\u00edts\u00e9g\u00e9vel.<br \/>Az elm\u00falt \u00e9vek tapasztalatai alapj\u00e1n bebizonyosodott sz\u00e1munkra, hogy a di\u00e1kok mint a szivacs, \u00fagy<br \/>sz\u00edvj\u00e1k magukba a felel\u0151s \u00e1llattart\u00e1ssal kapcsolatosan ismertetett anyagot, \u00e9vek alatt siker\u00fclt \u00e1tadni<br \/>nekik a legfontosabb tudnival\u00f3kat.<br \/>Sok kisgyereknek szinte eg\u00e9sz ny\u00e1ron dolgoznak a sz\u00fclei, hetekig veszik ig\u00e9nybe ezeket a t\u00e1borokat \u00e9s<br \/>a 10-12 \u00e9ves di\u00e1kok m\u00e1r bet\u00e9ve ismert\u00e9k a programot, ez\u00e9rt \u00fagy d\u00f6nt\u00f6tt\u00fcnk, hogy m\u00e9lyebbre \u00e1sunk<br \/>\u00e9s r\u00e9szletesebben kidolgozunk egy-egy t\u00e9m\u00e1t.<br \/>Tavasszal \u00f6ssze\u00fclt\u00fcnk a Do as I kik\u00e9pz\u0151ivel az Eserny\u0151sben \u00e9s kiv\u00e1lasztottunk h\u00e9t t\u00e9m\u00e1t, amelyeket a<br \/>kik\u00e9pz\u0151k kidolgoztak, azut\u00e1n \u00f6sszegy\u00fartuk \u00e9s pr\u00f3bak\u00e9pp az egyik helysz\u00ednen, a Nagy L\u00e1szl\u00f3<br \/>K\u00e9ttannyelv\u0171 \u00c1ltal\u00e1nos Iskol\u00e1ban, id\u00e9n ny\u00e1ron deb\u00fct\u00e1lt az \u00faj program.<br \/>K\u00edv\u00e1ncsiak voltunk arra, hogy mennyire vev\u0151k a gyerekek arra, ha egy foglalkoz\u00e1s egyetlen t\u00e9ma k\u00f6r\u00e9<br \/>\u00e9p\u00fcl \u00e9s h\u00e9tr\u0151l-h\u00e9tre m\u00e1s t\u00e9m\u00e1kat boncolgat. A terv\u00fcnk bev\u00e1lt, a di\u00e1kok nagyon \u00e9lvezt\u00e9k!<br \/>A programot sportos j\u00e1t\u00e9kokkal, a kutyatart\u00e1ssal kapcsolatos t\u00e1rgyak bemutat\u00e1s\u00e1val (a chip be\u00fcltet\u0151<br \/>t\u0171 is nagy sikert aratott) \u00e9s a h\u00e9t t\u00e9ma apr\u00f3l\u00e9kos kidolgoz\u00e1s\u00e1val sz\u00ednes\u00edtett\u00fck.<br \/>A k\u00f6vetkez\u0151 t\u00e9m\u00e1k k\u00f6r\u00e9 \u00e9p\u00edtett\u00fck fel a foglakoz\u00e1sokat:<br \/>&#8211; felel\u0151ss\u00e9g-t\u00e1rs\u00e1llat v\u00e1laszt\u00e1s<br \/>&#8211; t\u00e1pl\u00e1l\u00e1s<br \/>&#8211; szeretet<br \/>&#8211; eg\u00e9szs\u00e9g, \u00e1pol\u00e1s<br \/>&#8211; mozg\u00e1s, foglalkoz\u00e1s<br \/>&#8211; ut\u00f3dok, ivartalan\u00edt\u00e1s<br \/>&#8211; k\u00f6rnyezet, az \u00e1llat helye<br \/>Minden foglakoz\u00e1s interakt\u00edv volt, a gyerekeket k\u00e9rdezt\u00fck az aktu\u00e1lis t\u00e9m\u00e1r\u00f3l, a t\u00e9m\u00e1val<br \/>kapcsolatban kipr\u00f3b\u00e1lhatt\u00e1k a foglalkoz\u00e1sokhoz el\u0151k\u00e9sz\u00edtett t\u00e1rgyakat.<br \/>\u00cdgy azt\u00e1n volt aki a kutyafogkef\u00e9t vette szem\u00fcgyre, vagy egy ter\u00e1pi\u00e1s kuty\u00e1t f\u00e9s\u00fclgetett \u00e9s a<br \/>foglalkoz\u00e1sok v\u00e9g\u00e9n, minden gyermek kapott aj\u00e1nd\u00e9kba egy \u00d3budai Kuty\u00e1s Kisokos k\u00f6nyvecsk\u00e9t.<br \/>A t\u00e9m\u00e1khoz kapcsol\u00f3dtak a sportos j\u00e1t\u00e9kok, versenyek, amelyekben term\u00e9szetesen a gyerekek<br \/>mellett a ter\u00e1pi\u00e1s kuty\u00e1k is szerepet kaptak.<br \/>Szeretn\u00e9nk el\u00e9rni, hogy \u00d3bud\u00e1n minden gyerekb\u0151l egyszer igazi, felel\u0151s gazdi v\u00e1ljon, aki tesz az \u0151t<br \/>k\u00f6r\u00fclvev\u0151 k\u00f6rnyezet\u00e9rt \u00e9s \u00f3vja a term\u00e9szetet.<br \/>Szeretn\u00e9k k\u00f6sz\u00f6netet mondani a Do as I vezet\u0151 tr\u00e9ner\u00e9nek Hargitai \u00c1ginak, aki a programot<br \/>r\u00e9szletesen kidolgozta \u00e9s Zsari kuty\u00e1j\u00e1nak, tov\u00e1bb\u00e1 ebb\u0151l a tr\u00e9ner csapatb\u00f3l Somfalvi Er\u00e1nak, Ri\u00f3<\/p><p>kuty\u00e1j\u00e1nak illetve L\u00e9czfalvi King\u00e1nak \u00e9s Polli kuty\u00e1j\u00e1nak. A DOG3 csapat\u00e1b\u00f3l hatalmas k\u00f6szi Vass<br \/>Vikt\u00f3ri\u00e1nak \u00e9s T\u00f3bi\u00e1s kuty\u00e1j\u00e1nak, Vad\u00e1sz Kriszt\u00e1nak \u00e9s Azra kuty\u00e1j\u00e1nak.<br \/>A Nagy L\u00e1szl\u00f3 \u00c1ltal\u00e1nos Iskol\u00e1ban minden \u00e9vben r\u00e1csod\u00e1lkozom arra, hogy Dr. Koz\u00e1k Andr\u00e1s tan\u00e1r \u00far<br \/>milyen nagy \u00e9rdekl\u0151d\u00e9ssel v\u00e1rja a foglalkoz\u00e1sainkat. Kint v\u00e1r benn\u00fcnket az iskola el\u0151tt, \u00e9rdekl\u0151dik a<br \/>t\u00e9m\u00e1r\u00f3l, a kuty\u00e1kr\u00f3l. A Kiserdei t\u00e1bor k\u00e9t vezet\u0151je Radics Rita \u00e9s Ga\u00e1l Dorottya pedig m\u00e9g ny\u00e1r elej\u00e9n<br \/>jelezt\u00e9k, hogy alig v\u00e1rj\u00e1k a kuty\u00e1s foglalkoz\u00e1sokat. Ilyen pedag\u00f3gusokkal \u00f6r\u00f6m egy\u00fctt dolgozni!<br \/>K\u00f6sz\u00f6net a munk\u00e1juk\u00e9rt!<br \/>J\u00f6v\u0151re folytatjuk ezt a programot a napk\u00f6zis t\u00e1borokban, \u00e9vk\u00f6zben pedig az \u00f3budai \u00f3vod\u00e1kban<br \/>tartunk \u201eMancs a k\u00e9zben\u201d foglalkoz\u00e1sokat.<\/p>\t\t\t\t\t\t\t\t<\/div>\n\t\t\t\t<\/div>\n\t\t<div class=\"elementor-element elementor-element-498edbe e-con-full e-flex e-con e-child\" data-id=\"498edbe\" data-element_type=\"container\" data-settings=\"{&quot;background_background&quot;:&quot;classic&quot;}\">\n\t\t\t\t<\/div>\n\t\t\t\t\t<\/div>\n\t\t\t\t<\/div>\n\t\t<div class=\"elementor-element elementor-element-0095ecb e-flex e-con-boxed e-con e-parent\" data-id=\"0095ecb\" data-element_type=\"container\">\n\t\t\t\t\t<div class=\"e-con-inner\">\n\t\t\t\t<div class=\"elementor-element elementor-element-fbed431 elementor-arrows-position-inside elementor-pagination-position-outside elementor-widget elementor-widget-image-carousel\" data-id=\"fbed431\" data-element_type=\"widget\" data-settings=\"{&quot;image_spacing_custom&quot;:{&quot;unit&quot;:&quot;px&quot;,&quot;size&quot;:25,&quot;sizes&quot;:[]},&quot;navigation&quot;:&quot;both&quot;,&quot;autoplay&quot;:&quot;yes&quot;,&quot;pause_on_hover&quot;:&quot;yes&quot;,&quot;pause_on_interaction&quot;:&quot;yes&quot;,&quot;autoplay_speed&quot;:5000,&quot;infinite&quot;:&quot;yes&quot;,&quot;speed&quot;:500,&quot;image_spacing_custom_tablet&quot;:{&quot;unit&quot;:&quot;px&quot;,&quot;size&quot;:&quot;&quot;,&quot;sizes&quot;:[]},&quot;image_spacing_custom_mobile&quot;:{&quot;unit&quot;:&quot;px&quot;,&quot;size&quot;:&quot;&quot;,&quot;sizes&quot;:[]}}\" data-widget_type=\"image-carousel.default\">\n\t\t\t\t\t\t\t<div class=\"elementor-image-carousel-wrapper swiper\" role=\"region\" aria-roledescription=\"carousel\" aria-label=\"K\u00e9p k\u00f6rhinta\" dir=\"ltr\">\n\t\t\t<div class=\"elementor-image-carousel swiper-wrapper\" aria-live=\"off\">\n\t\t\t\t\t\t\t\t<div class=\"swiper-slide\" role=\"group\" aria-roledescription=\"slide\" aria-label=\"1 \/ 4\"><figure class=\"swiper-slide-inner\"><img decoding=\"async\" class=\"swiper-slide-image\" src=\"https:\/\/leti.obudaikutyasok.hu\/wp-content\/uploads\/2025\/12\/IMG_6243-1-1-768x512.jpg\" alt=\"IMG_6243 (1) (1)\" \/><\/figure><\/div><div class=\"swiper-slide\" role=\"group\" aria-roledescription=\"slide\" aria-label=\"2 \/ 4\"><figure class=\"swiper-slide-inner\"><img decoding=\"async\" class=\"swiper-slide-image\" src=\"https:\/\/leti.obudaikutyasok.hu\/wp-content\/uploads\/2025\/12\/IMG_6276-2-768x512.jpg\" alt=\"IMG_6276 (2)\" \/><\/figure><\/div><div class=\"swiper-slide\" role=\"group\" aria-roledescription=\"slide\" aria-label=\"3 \/ 4\"><figure class=\"swiper-slide-inner\"><img decoding=\"async\" class=\"swiper-slide-image\" src=\"https:\/\/leti.obudaikutyasok.hu\/wp-content\/uploads\/2025\/12\/IMG_6353-1-768x512.jpg\" alt=\"IMG_6353 (1)\" \/><\/figure><\/div><div class=\"swiper-slide\" role=\"group\" aria-roledescription=\"slide\" aria-label=\"4 \/ 4\"><figure class=\"swiper-slide-inner\"><img decoding=\"async\" class=\"swiper-slide-image\" src=\"https:\/\/leti.obudaikutyasok.hu\/wp-content\/uploads\/2025\/12\/IMG_6370-768x512.jpg\" alt=\"IMG_6370\" \/><\/figure><\/div>\t\t\t<\/div>\n\t\t\t\t\t\t\t\t\t\t\t\t<div class=\"elementor-swiper-button elementor-swiper-button-prev\" role=\"button\" tabindex=\"0\">\n\t\t\t\t\t\t<svg aria-hidden=\"true\" class=\"e-font-icon-svg e-eicon-chevron-left\" viewBox=\"0 0 1000 1000\" xmlns=\"http:\/\/www.w3.org\/2000\/svg\"><path d=\"M646 125C629 125 613 133 604 142L308 442C296 454 292 471 292 487 292 504 296 521 308 533L604 854C617 867 629 875 646 875 663 875 679 871 692 858 704 846 713 829 713 812 713 796 708 779 692 767L438 487 692 225C700 217 708 204 708 187 708 171 704 154 692 142 675 129 663 125 646 125Z\"><\/path><\/svg>\t\t\t\t\t<\/div>\n\t\t\t\t\t<div class=\"elementor-swiper-button elementor-swiper-button-next\" role=\"button\" tabindex=\"0\">\n\t\t\t\t\t\t<svg aria-hidden=\"true\" class=\"e-font-icon-svg e-eicon-chevron-right\" viewBox=\"0 0 1000 1000\" xmlns=\"http:\/\/www.w3.org\/2000\/svg\"><path d=\"M696 533C708 521 713 504 713 487 713 471 708 454 696 446L400 146C388 133 375 125 354 125 338 125 325 129 313 142 300 154 292 171 292 187 292 204 296 221 308 233L563 492 304 771C292 783 288 800 288 817 288 833 296 850 308 863 321 871 338 875 354 875 371 875 388 867 400 854L696 533Z\"><\/path><\/svg>\t\t\t\t\t<\/div>\n\t\t\t\t\n\t\t\t\t\t\t\t\t\t<div class=\"swiper-pagination\"><\/div>\n\t\t\t\t\t\t\t\t\t<\/div>\n\t\t\t\t\t\t<\/div>\n\t\t\t\t\t<\/div>\n\t\t\t\t<\/div>\n\t\t\t\t<\/div>\n\t\t","protected":false},"excerpt":{"rendered":"<p>Ny\u00e1ri iskol\u00e1s program (kuty\u00e1val asziszt\u00e1lt) Minden ny\u00e1ron k\u00e9t helysz\u00edn ad otthont az \u00f3budai iskol\u00e1s gyerekeknek, a napk\u00f6zis t\u00e1boroz\u00e1sra\u00d3bud\u00e1n.\u00d3budai Kuty\u00e1s Egyes\u00fclet\u00fcnk szervez\u00e9s\u00e9ben, mindk\u00e9t helysz\u00ednen, a Kiserdei T\u00e1borban \u00e9s a NagyL\u00e1szl\u00f3 K\u00e9ttannyelv\u0171 \u00c1ltal\u00e1nos Iskol\u00e1ban hetente 2-2 fogalakoz\u00e1st tartottunk, ter\u00e1pi\u00e1s kuty\u00e1kseg\u00edts\u00e9g\u00e9vel.Az elm\u00falt \u00e9vek tapasztalatai alapj\u00e1n bebizonyosodott sz\u00e1munkra, hogy a di\u00e1kok mint a szivacs, \u00fagysz\u00edvj\u00e1k magukba a felel\u0151s \u00e1llattart\u00e1ssal [&hellip;]<\/p>\n","protected":false},"author":1,"featured_media":0,"parent":0,"menu_order":0,"comment_status":"closed","ping_status":"closed","template":"","meta":{"footnotes":""},"class_list":["post-454","page","type-page","status-publish","hentry"],"_links":{"self":[{"href":"https:\/\/leti.obudaikutyasok.hu\/index.php\/wp-json\/wp\/v2\/pages\/454","targetHints":{"allow":["GET"]}}],"collection":[{"href":"https:\/\/leti.obudaikutyasok.hu\/index.php\/wp-json\/wp\/v2\/pages"}],"about":[{"href":"https:\/\/leti.obudaikutyasok.hu\/index.php\/wp-json\/wp\/v2\/types\/page"}],"author":[{"embeddable":true,"href":"https:\/\/leti.obudaikutyasok.hu\/index.php\/wp-json\/wp\/v2\/users\/1"}],"replies":[{"embeddable":true,"href":"https:\/\/leti.obudaikutyasok.hu\/index.php\/wp-json\/wp\/v2\/comments?post=454"}],"version-history":[{"count":14,"href":"https:\/\/leti.obudaikutyasok.hu\/index.php\/wp-json\/wp\/v2\/pages\/454\/revisions"}],"predecessor-version":[{"id":468,"href":"https:\/\/leti.obudaikutyasok.hu\/index.php\/wp-json\/wp\/v2\/pages\/454\/revisions\/468"}],"wp:attachment":[{"href":"https:\/\/leti.obudaikutyasok.hu\/index.php\/wp-json\/wp\/v2\/media?parent=454"}],"curies":[{"name":"wp","href":"https:\/\/api.w.org\/{rel}","templated":true}]}}